{"id":17,"date":"2025-02-14T13:22:38","date_gmt":"2025-02-14T12:22:38","guid":{"rendered":"https:\/\/rybari.miletin.cz.zon.hostujeme.cz\/?page_id=17"},"modified":"2026-02-20T09:03:22","modified_gmt":"2026-02-20T08:03:22","slug":"reviry","status":"publish","type":"page","link":"https:\/\/rybari.miletin.cz\/?page_id=17","title":{"rendered":"Rev\u00edry"},"content":{"rendered":"\n<blockquote class=\"wp-block-quote is-layout-flow wp-block-quote-is-layout-flow\">\n<p class=\"has-border-color has-ast-global-color-0-border-color has-medium-font-size\" style=\"border-width:1px\"><strong>453 006 Byst\u0159ice 5P<\/strong>&nbsp;&#8211;&nbsp;pstruhov\u00fd<\/p>\n\n\n\n<p class=\"has-text-color has-link-color wp-elements-46ffcc54d424432d6fb1385b76c86f94\" style=\"color:#1a7803\">karta rev\u00edru <a href=\"https:\/\/www.rybsvaz.cz\/karta-reviru\/-\/453006-bystrice-5-p?datum=2025-02-27\" target=\"_blank\" rel=\"noreferrer noopener\"><strong>RIS Port\u00e1l<\/strong><\/a><\/p>\n\n\n\n<p>Rozloha: 15km&nbsp; 8ha<\/p>\n\n\n\n<p><strong><\/strong>Od mostu u farmy statku Dolenec a\u017e k pramen\u016fm. K rev\u00edru pat\u0159\u00ed:<\/p>\n\n\n\n<p>n\u00e1dr\u017e na Borku v k.\u00fa. Milet\u00edn 0,1 ha<\/p>\n\n\n\n<p>P\u0159\u00edtoky jsou chovn\u00e9 &#8211; lov ryb zak\u00e1z\u00e1n. V horn\u00edm \u00faseku Byst\u0159ice 5 od Bystr\u00e9ho ml\u00fdna po obec Vidonice (Brudu) je chr\u00e1n\u011bn\u00e1 ryb\u00ed oblast &#8211; lov ryb zak\u00e1z\u00e1n &#8211; vyzna\u010deno tabulemi.<\/p>\n<\/blockquote>\n\n\n\n<blockquote class=\"wp-block-quote is-layout-flow wp-block-quote-is-layout-flow\">\n<p class=\"has-border-color has-ast-global-color-0-border-color has-medium-font-size\" style=\"border-width:1px\"><strong>451 007 Byst\u0159ice 5\u00a0<\/strong>&#8211;\u00a0mimopstruhov\u00fd <\/p>\n\n\n\n<p class=\"has-text-color has-link-color wp-elements-6684607ce531b0fa01a0bfa09019f316\" style=\"color:#1a7803\">karta rev\u00edru <a href=\"https:\/\/www.rybsvaz.cz\/karta-reviru\/-\/451007-bystrice-5?datum=2025-02-27\" target=\"_blank\" rel=\"noreferrer noopener\"><strong>RIS Port\u00e1l<\/strong><\/a><\/p>\n\n\n\n<p>Rozloha: 3km 4ha<\/p>\n\n\n\n<p>Od jezu pod h\u0159eb\u010d\u00ednem Jen\u00edkov u Ho\u0159ic po most u farmy statku Dolenec.<\/p>\n<\/blockquote>\n\n\n\n<blockquote class=\"wp-block-quote is-layout-flow wp-block-quote-is-layout-flow\">\n<p class=\"has-border-color has-ast-global-color-0-border-color has-medium-font-size\" style=\"border-width:1px\"><strong>4 510 071  Jord\u00e1nek<\/strong> &#8211; mimopstruhov\u00fd (Plat\u00ed pouze m\u00edstn\u00ed povolenky)<\/p>\n\n\n\n<p class=\"has-ast-global-color-0-color has-text-color has-link-color wp-elements-c734cc7b67212a901a875a93309bb11b\">karta rev\u00edru <a href=\"https:\/\/www.rybsvaz.cz\/karta-reviru\/-\/4510071-jordanek?datum=2026-02-20\">RIS Port\u00e1l<\/a><\/p>\n\n\n\n<p><strong>Mimopstruhov\u00fd rev\u00edr, na kter\u00e9m plat\u00ed pouze povolenky, vydan\u00e9 MO \u010cRS Milet\u00edn.<\/strong><\/p>\n\n\n\n<p>Pouze pro \u010dleny m\u00edstn\u00edho ryb\u00e1\u0159sk\u00e9ho svazu a pro majitel\u00e9 hostovsk\u00fdch povolenek<\/p>\n\n\n\n<p class=\"has-medium-font-size\" style=\"font-style:normal;font-weight:700\">Dodatek ryb\u00e1\u0159sk\u00e9ho \u0159\u00e1du pro lov na Jord\u00e1nku:<\/p>\n\n\n\n<p>m\u00edra <strong>Kapra<\/strong> <strong>obecn\u00e9ho<\/strong> je 45 cm, nad 65 cm se vrac\u00ed vod\u011b<\/p>\n\n\n\n<p>m\u00edra <strong>Cand\u00e1ta<\/strong> <strong>obecn\u00e9ho<\/strong>  je 50 cm<\/p>\n\n\n\n<p>lov dravc\u016f na \u017eivou \u010di mrtvou rybku pouze s pou\u017eit\u00edm jednoh\u00e1\u010dku<\/p>\n\n\n\n<p>z\u00e1kaz vjezdu motorov\u00fdch vozidel na hr\u00e1z a j\u00edzdu kolem rybn\u00edka<\/p>\n\n\n\n<p class=\"has-medium-font-size\" style=\"text-transform:none\"><strong>Mal\u00fd Jord\u00e1nek je chovn\u00fd rybn\u00edk! Z\u00c1KAZ RYBOLOVU!<\/strong><\/p>\n<\/blockquote>\n\n\n\n<p><\/p>\n","protected":false},"excerpt":{"rendered":"<p>453 006 Byst\u0159ice 5P&nbsp;&#8211;&nbsp;pstruhov\u00fd karta rev\u00edru RIS Port\u00e1l Rozloha: 15km&nbsp; 8ha Od mostu u farmy statku Dolenec a\u017e k pramen\u016fm. [&hellip;]<\/p>\n","protected":false},"author":2,"featured_media":0,"parent":0,"menu_order":5,"comment_status":"closed","ping_status":"closed","template":"","meta":{"site-sidebar-layout":"default","site-content-layout":"","ast-site-content-layout":"default","site-content-style":"default","site-sidebar-style":"default","ast-global-header-display":"","ast-banner-title-visibility":"","ast-main-header-display":"","ast-hfb-above-header-display":"","ast-hfb-below-header-display":"","ast-hfb-mobile-header-display":"","site-post-title":"","ast-breadcrumbs-content":"","ast-featured-img":"","footer-sml-layout":"","theme-transparent-header-meta":"","adv-header-id-meta":"","stick-header-meta":"","header-above-stick-meta":"","header-main-stick-meta":"","header-below-stick-meta":"","astra-migrate-meta-layouts":"default","ast-page-background-enabled":"default","ast-page-background-meta":{"desktop":{"background-color":"var(--ast-global-color-5)","background-image":"","background-repeat":"repeat","background-position":"center center","background-size":"auto","background-attachment":"scroll","background-type":"","background-media":"","overlay-type":"","overlay-color":"","overlay-opacity":"","overlay-gradient":""},"tablet":{"background-color":"","background-image":"","background-repeat":"repeat","background-position":"center center","background-size":"auto","background-attachment":"scroll","background-type":"","background-media":"","overlay-type":"","overlay-color":"","overlay-opacity":"","overlay-gradient":""},"mobile":{"background-color":"","background-image":"","background-repeat":"repeat","background-position":"center center","background-size":"auto","background-attachment":"scroll","background-type":"","background-media":"","overlay-type":"","overlay-color":"","overlay-opacity":"","overlay-gradient":""}},"ast-content-background-meta":{"desktop":{"background-color":"var(--ast-global-color-4)","background-image":"","background-repeat":"repeat","background-position":"center center","background-size":"auto","background-attachment":"scroll","background-type":"","background-media":"","overlay-type":"","overlay-color":"","overlay-opacity":"","overlay-gradient":""},"tablet":{"background-color":"var(--ast-global-color-4)","background-image":"","background-repeat":"repeat","background-position":"center center","background-size":"auto","background-attachment":"scroll","background-type":"","background-media":"","overlay-type":"","overlay-color":"","overlay-opacity":"","overlay-gradient":""},"mobile":{"background-color":"var(--ast-global-color-4)","background-image":"","background-repeat":"repeat","background-position":"center center","background-size":"auto","background-attachment":"scroll","background-type":"","background-media":"","overlay-type":"","overlay-color":"","overlay-opacity":"","overlay-gradient":""}},"_kadence_starter_templates_imported_post":false,"footnotes":""},"class_list":["post-17","page","type-page","status-publish","hentry"],"_links":{"self":[{"href":"https:\/\/rybari.miletin.cz\/index.php?rest_route=\/wp\/v2\/pages\/17","targetHints":{"allow":["GET"]}}],"collection":[{"href":"https:\/\/rybari.miletin.cz\/index.php?rest_route=\/wp\/v2\/pages"}],"about":[{"href":"https:\/\/rybari.miletin.cz\/index.php?rest_route=\/wp\/v2\/types\/page"}],"author":[{"embeddable":true,"href":"https:\/\/rybari.miletin.cz\/index.php?rest_route=\/wp\/v2\/users\/2"}],"replies":[{"embeddable":true,"href":"https:\/\/rybari.miletin.cz\/index.php?rest_route=%2Fwp%2Fv2%2Fcomments&post=17"}],"version-history":[{"count":24,"href":"https:\/\/rybari.miletin.cz\/index.php?rest_route=\/wp\/v2\/pages\/17\/revisions"}],"predecessor-version":[{"id":1729,"href":"https:\/\/rybari.miletin.cz\/index.php?rest_route=\/wp\/v2\/pages\/17\/revisions\/1729"}],"wp:attachment":[{"href":"https:\/\/rybari.miletin.cz\/index.php?rest_route=%2Fwp%2Fv2%2Fmedia&parent=17"}],"curies":[{"name":"wp","href":"https:\/\/api.w.org\/{rel}","templated":true}]}}