{"id":20,"date":"2025-02-14T13:26:13","date_gmt":"2025-02-14T12:26:13","guid":{"rendered":"https:\/\/rybari.miletin.cz.zon.hostujeme.cz\/?page_id=20"},"modified":"2025-03-02T18:58:35","modified_gmt":"2025-03-02T17:58:35","slug":"aktuality","status":"publish","type":"page","link":"https:\/\/rybari.miletin.cz\/?page_id=20","title":{"rendered":"Aktuality"},"content":{"rendered":"\n<p><small>24. ledna 2025<\/small><\/p>\n\n\n\n<p>V\u00fdchodo\u010desk\u00fd \u00fazemn\u00ed svaz po\u0159\u00e1d\u00e1 \u0161kolen\u00ed elektroagreg\u00e1tist\u016f &#8211; 1denn\u00ed T\u011bchon\u00edn, 1denn\u00ed Trutnov a 3denn\u00ed T\u011bchon\u00edn<\/p>\n\n\n\n<p>Jednodenn\u00ed kurzy jsou ur\u010den\u00e9 z\u00e1sadn\u011b pro pouh\u00e9 p\u0159e\u0161kolen\u00ed z\u00e1jemc\u016f, zat\u00edmco t\u0159\u00eddenn\u00ed kurz je \u0161kolen\u00ed ur\u010den\u00e9 pro nov\u00e9 lovce (obsluhy) el. agreg\u00e1tem, kte\u0159\u00ed je\u0161t\u011b nebyli \u0161koleni nebo maj\u00ed dlouhodob\u011b propadl\u00fd doklad o zp\u016fsobilosti vykon\u00e1vat funkci p\u0159i lovu ryb elektrick\u00fdm agreg\u00e1tem.<\/p>\n\n\n\n<p><strong><u>Pros\u00edm o v\u010dasn\u00e9 nahl\u00e1\u0161en\u00ed \u010dlen\u016f za Va\u0161i MO, kte\u0159\u00ed by se n\u011bjak\u00e9ho z n\u00ed\u017ee p\u0159ilo\u017een\u00fdch \u0161kolen\u00ed z\u00fa\u010dastnili.<\/u><\/strong><\/p>\n\n\n\n<p>V p\u0159\u00edpad\u011b nez\u00e1jmu bude dan\u00fd kurz v ur\u010den\u00fd term\u00edn zru\u0161en, nebo bude m\u00edsto \u0161kolen\u00ed z kapacitn\u00edch d\u016fvod\u016f zm\u011bn\u011bno. O t\u011bchto skute\u010dnostech budete v\u010das obezn\u00e1meni.<\/p>\n\n\n\n<p>Pokud m\u00e1te dal\u0161\u00ed dotazy, jsem V\u00e1m k dispozici.<\/p>\n\n\n\n<p>S pozdravem<\/p>\n\n\n\n<p>ing. N\u011bmec Karel<\/p>\n\n\n\n<p>&#8230;&#8230;..<\/p>\n\n\n\n<p class=\"has-large-font-size\">N\u00e1vod na p\u0159ihl\u00e1\u0161en\u00ed do RIS<\/p>\n\n\n\n<p class=\"has-medium-font-size\"><a href=\"https:\/\/www.rybsvaz.cz\/jak-se-prihlasit-do-portalu-ris-jednoduchy-navod-pro-rybare\" target=\"_blank\" rel=\"noreferrer noopener\">https:\/\/www.rybsvaz.cz\/jak-se-prihlasit-do-portalu-ris-jednoduchy-navod-pro-rybare<\/a><\/p>\n\n\n\n<p><\/p>\n","protected":false},"excerpt":{"rendered":"<p>24. ledna 2025 V\u00fdchodo\u010desk\u00fd \u00fazemn\u00ed svaz po\u0159\u00e1d\u00e1 \u0161kolen\u00ed elektroagreg\u00e1tist\u016f &#8211; 1denn\u00ed T\u011bchon\u00edn, 1denn\u00ed Trutnov a 3denn\u00ed T\u011bchon\u00edn Jednodenn\u00ed kurzy jsou [&hellip;]<\/p>\n","protected":false},"author":2,"featured_media":0,"parent":0,"menu_order":1,"comment_status":"closed","ping_status":"closed","template":"","meta":{"site-sidebar-layout":"default","site-content-layout":"","ast-site-content-layout":"default","site-content-style":"default","site-sidebar-style":"default","ast-global-header-display":"","ast-banner-title-visibility":"","ast-main-header-display":"","ast-hfb-above-header-display":"","ast-hfb-below-header-display":"","ast-hfb-mobile-header-display":"","site-post-title":"","ast-breadcrumbs-content":"","ast-featured-img":"","footer-sml-layout":"","theme-transparent-header-meta":"","adv-header-id-meta":"","stick-header-meta":"","header-above-stick-meta":"","header-main-stick-meta":"","header-below-stick-meta":"","astra-migrate-meta-layouts":"default","ast-page-background-enabled":"default","ast-page-background-meta":{"desktop":{"background-color":"var(--ast-global-color-5)","background-image":"","background-repeat":"repeat","background-position":"center center","background-size":"auto","background-attachment":"scroll","background-type":"","background-media":"","overlay-type":"","overlay-color":"","overlay-opacity":"","overlay-gradient":""},"tablet":{"background-color":"","background-image":"","background-repeat":"repeat","background-position":"center center","background-size":"auto","background-attachment":"scroll","background-type":"","background-media":"","overlay-type":"","overlay-color":"","overlay-opacity":"","overlay-gradient":""},"mobile":{"background-color":"","background-image":"","background-repeat":"repeat","background-position":"center center","background-size":"auto","background-attachment":"scroll","background-type":"","background-media":"","overlay-type":"","overlay-color":"","overlay-opacity":"","overlay-gradient":""}},"ast-content-background-meta":{"desktop":{"background-color":"var(--ast-global-color-4)","background-image":"","background-repeat":"repeat","background-position":"center center","background-size":"auto","background-attachment":"scroll","background-type":"","background-media":"","overlay-type":"","overlay-color":"","overlay-opacity":"","overlay-gradient":""},"tablet":{"background-color":"var(--ast-global-color-4)","background-image":"","background-repeat":"repeat","background-position":"center center","background-size":"auto","background-attachment":"scroll","background-type":"","background-media":"","overlay-type":"","overlay-color":"","overlay-opacity":"","overlay-gradient":""},"mobile":{"background-color":"var(--ast-global-color-4)","background-image":"","background-repeat":"repeat","background-position":"center center","background-size":"auto","background-attachment":"scroll","background-type":"","background-media":"","overlay-type":"","overlay-color":"","overlay-opacity":"","overlay-gradient":""}},"_kadence_starter_templates_imported_post":false,"footnotes":""},"class_list":["post-20","page","type-page","status-publish","hentry"],"_links":{"self":[{"href":"https:\/\/rybari.miletin.cz\/index.php?rest_route=\/wp\/v2\/pages\/20","targetHints":{"allow":["GET"]}}],"collection":[{"href":"https:\/\/rybari.miletin.cz\/index.php?rest_route=\/wp\/v2\/pages"}],"about":[{"href":"https:\/\/rybari.miletin.cz\/index.php?rest_route=\/wp\/v2\/types\/page"}],"author":[{"embeddable":true,"href":"https:\/\/rybari.miletin.cz\/index.php?rest_route=\/wp\/v2\/users\/2"}],"replies":[{"embeddable":true,"href":"https:\/\/rybari.miletin.cz\/index.php?rest_route=%2Fwp%2Fv2%2Fcomments&post=20"}],"version-history":[{"count":19,"href":"https:\/\/rybari.miletin.cz\/index.php?rest_route=\/wp\/v2\/pages\/20\/revisions"}],"predecessor-version":[{"id":1551,"href":"https:\/\/rybari.miletin.cz\/index.php?rest_route=\/wp\/v2\/pages\/20\/revisions\/1551"}],"wp:attachment":[{"href":"https:\/\/rybari.miletin.cz\/index.php?rest_route=%2Fwp%2Fv2%2Fmedia&parent=20"}],"curies":[{"name":"wp","href":"https:\/\/api.w.org\/{rel}","templated":true}]}}