{"id":23,"date":"2025-02-14T13:27:21","date_gmt":"2025-02-14T12:27:21","guid":{"rendered":"https:\/\/rybari.miletin.cz.zon.hostujeme.cz\/?page_id=23"},"modified":"2025-12-03T09:54:13","modified_gmt":"2025-12-03T08:54:13","slug":"brigady","status":"publish","type":"page","link":"https:\/\/rybari.miletin.cz\/?page_id=23","title":{"rendered":"Brig\u00e1dy"},"content":{"rendered":"\n<p class=\"has-large-font-size\">Povinnost brig\u00e1d MO Milet\u00edn<\/p>\n\n\n\n<div class=\"wp-block-columns is-layout-flex wp-container-core-columns-is-layout-28f84493 wp-block-columns-is-layout-flex\">\n<div class=\"wp-block-column is-layout-flow wp-block-column-is-layout-flow\" style=\"flex-basis:50%\">\n<figure class=\"wp-block-table\"><table><tbody><tr><th>Typ cen\u00edku<\/th><th>Dosp\u011bl\u00ed<\/th><th>Ml\u00e1de\u017e<\/th><th>ZTP<\/th><th>ZTP\/P<\/th><th>\u017deny<\/th><th>D\u016fchodci<\/th><\/tr><tr><td>Po\u010det hodin<\/td><td>15<\/td><td>7<\/td><td>0<\/td><td>0<\/td><td>7<\/td><td>0<\/td><\/tr><tr><td>Cena 1 hodiny<\/td><td>100 K\u010d<\/td><td>100 K\u010d<\/td><td>100 K\u010d<\/td><td>100 K\u010d<\/td><td>100 K\u010d<\/td><td>100 K\u010d<\/td><\/tr><tr><td>Celkov\u00e1 cena<\/td><td><strong>1500 K\u010d<\/strong><\/td><td>7<strong>00 K\u010d<\/strong><\/td><td>0 K\u010d<\/td><td>0 K\u010d<\/td><td><strong>700 K\u010d<\/strong><\/td><td>0 K\u010d<\/td><\/tr><\/tbody><\/table><\/figure>\n<\/div>\n<\/div>\n\n\n\n<p>&#8212;&#8212;&#8212;&#8212;&#8212;&#8211;<\/p>\n\n\n\n<blockquote class=\"wp-block-quote is-style-plain is-layout-flow wp-block-quote-is-layout-flow\">\n<p class=\"has-large-font-size\" style=\"font-style:normal;font-weight:600\">Ahoj v\u0161em.<\/p>\n\n\n\n<p class=\"has-large-font-size\" style=\"font-style:normal;font-weight:600\">Kdyby m\u011bl n\u011bkdo z\u00e1jem o individu\u00e1ln\u00ed brig\u00e1du, ozv\u011bte se na telefon 737 654 919.<\/p>\n\n\n\n<p class=\"has-large-font-size\" style=\"font-style:normal;font-weight:600\">D\u011bkuji.<\/p>\n<\/blockquote>\n\n\n\n<p><\/p>\n","protected":false},"excerpt":{"rendered":"<p>Povinnost brig\u00e1d MO Milet\u00edn Typ cen\u00edku Dosp\u011bl\u00ed Ml\u00e1de\u017e ZTP ZTP\/P \u017deny D\u016fchodci Po\u010det hodin 15 7 0 0 7 0 [&hellip;]<\/p>\n","protected":false},"author":2,"featured_media":0,"parent":0,"menu_order":2,"comment_status":"closed","ping_status":"closed","template":"","meta":{"site-sidebar-layout":"default","site-content-layout":"","ast-site-content-layout":"default","site-content-style":"default","site-sidebar-style":"default","ast-global-header-display":"","ast-banner-title-visibility":"","ast-main-header-display":"","ast-hfb-above-header-display":"","ast-hfb-below-header-display":"","ast-hfb-mobile-header-display":"","site-post-title":"","ast-breadcrumbs-content":"","ast-featured-img":"","footer-sml-layout":"","theme-transparent-header-meta":"","adv-header-id-meta":"","stick-header-meta":"","header-above-stick-meta":"","header-main-stick-meta":"","header-below-stick-meta":"","astra-migrate-meta-layouts":"default","ast-page-background-enabled":"default","ast-page-background-meta":{"desktop":{"background-color":"var(--ast-global-color-5)","background-image":"","background-repeat":"repeat","background-position":"center center","background-size":"auto","background-attachment":"scroll","background-type":"","background-media":"","overlay-type":"","overlay-color":"","overlay-opacity":"","overlay-gradient":""},"tablet":{"background-color":"","background-image":"","background-repeat":"repeat","background-position":"center center","background-size":"auto","background-attachment":"scroll","background-type":"","background-media":"","overlay-type":"","overlay-color":"","overlay-opacity":"","overlay-gradient":""},"mobile":{"background-color":"","background-image":"","background-repeat":"repeat","background-position":"center center","background-size":"auto","background-attachment":"scroll","background-type":"","background-media":"","overlay-type":"","overlay-color":"","overlay-opacity":"","overlay-gradient":""}},"ast-content-background-meta":{"desktop":{"background-color":"var(--ast-global-color-4)","background-image":"","background-repeat":"repeat","background-position":"center center","background-size":"auto","background-attachment":"scroll","background-type":"","background-media":"","overlay-type":"","overlay-color":"","overlay-opacity":"","overlay-gradient":""},"tablet":{"background-color":"var(--ast-global-color-4)","background-image":"","background-repeat":"repeat","background-position":"center center","background-size":"auto","background-attachment":"scroll","background-type":"","background-media":"","overlay-type":"","overlay-color":"","overlay-opacity":"","overlay-gradient":""},"mobile":{"background-color":"var(--ast-global-color-4)","background-image":"","background-repeat":"repeat","background-position":"center center","background-size":"auto","background-attachment":"scroll","background-type":"","background-media":"","overlay-type":"","overlay-color":"","overlay-opacity":"","overlay-gradient":""}},"_kadence_starter_templates_imported_post":false,"footnotes":""},"class_list":["post-23","page","type-page","status-publish","hentry"],"_links":{"self":[{"href":"https:\/\/rybari.miletin.cz\/index.php?rest_route=\/wp\/v2\/pages\/23","targetHints":{"allow":["GET"]}}],"collection":[{"href":"https:\/\/rybari.miletin.cz\/index.php?rest_route=\/wp\/v2\/pages"}],"about":[{"href":"https:\/\/rybari.miletin.cz\/index.php?rest_route=\/wp\/v2\/types\/page"}],"author":[{"embeddable":true,"href":"https:\/\/rybari.miletin.cz\/index.php?rest_route=\/wp\/v2\/users\/2"}],"replies":[{"embeddable":true,"href":"https:\/\/rybari.miletin.cz\/index.php?rest_route=%2Fwp%2Fv2%2Fcomments&post=23"}],"version-history":[{"count":27,"href":"https:\/\/rybari.miletin.cz\/index.php?rest_route=\/wp\/v2\/pages\/23\/revisions"}],"predecessor-version":[{"id":1695,"href":"https:\/\/rybari.miletin.cz\/index.php?rest_route=\/wp\/v2\/pages\/23\/revisions\/1695"}],"wp:attachment":[{"href":"https:\/\/rybari.miletin.cz\/index.php?rest_route=%2Fwp%2Fv2%2Fmedia&parent=23"}],"curies":[{"name":"wp","href":"https:\/\/api.w.org\/{rel}","templated":true}]}}