{"id":26,"date":"2025-02-14T13:27:40","date_gmt":"2025-02-14T12:27:40","guid":{"rendered":"https:\/\/rybari.miletin.cz.zon.hostujeme.cz\/?page_id=26"},"modified":"2025-02-18T06:12:35","modified_gmt":"2025-02-18T05:12:35","slug":"rybarsky-krouzek","status":"publish","type":"page","link":"https:\/\/rybari.miletin.cz\/?page_id=26","title":{"rendered":"Ryb\u00e1\u0159sk\u00fd krou\u017eek"},"content":{"rendered":"\n<p>Pozv\u00e1nka na ryb\u00e1\u0159sk\u00fd krou\u017eek Milet\u00edn<\/p>\n\n\n\n<p>Ryb\u00e1\u0159sk\u00fd krou\u017eek za\u010d\u00edn\u00e1 v \u00fater\u00fd 8.10.2024<\/p>\n\n\n\n<p>Sraz p\u0159ed \u0161kolou v 15:00<\/p>\n\n\n\n<p><em><strong>Vedouc\u00ed ryb\u00e1\u0159sk\u00e9ho krou\u017eku<\/strong>:<\/em><\/p>\n\n\n\n<p>Va\u0161ata Vladim\u00edr&nbsp; tel.724169647<\/p>\n\n\n\n<figure class=\"wp-block-image size-full\"><img fetchpriority=\"high\" decoding=\"async\" width=\"700\" height=\"342\" src=\"https:\/\/rybari.miletin.cz.zon.hostujeme.cz\/wp-content\/uploads\/2025\/02\/Krouzek.jpg\" alt=\"\" class=\"wp-image-74\" srcset=\"https:\/\/rybari.miletin.cz\/wp-content\/uploads\/2025\/02\/Krouzek.jpg 700w, https:\/\/rybari.miletin.cz\/wp-content\/uploads\/2025\/02\/Krouzek-300x147.jpg 300w\" sizes=\"(max-width: 700px) 100vw, 700px\" \/><\/figure>\n","protected":false},"excerpt":{"rendered":"<p>Pozv\u00e1nka na ryb\u00e1\u0159sk\u00fd krou\u017eek Milet\u00edn Ryb\u00e1\u0159sk\u00fd krou\u017eek za\u010d\u00edn\u00e1 v \u00fater\u00fd 8.10.2024 Sraz p\u0159ed \u0161kolou v 15:00 Vedouc\u00ed ryb\u00e1\u0159sk\u00e9ho krou\u017eku: Va\u0161ata [&hellip;]<\/p>\n","protected":false},"author":2,"featured_media":0,"parent":0,"menu_order":6,"comment_status":"closed","ping_status":"closed","template":"","meta":{"site-sidebar-layout":"default","site-content-layout":"","ast-site-content-layout":"default","site-content-style":"default","site-sidebar-style":"default","ast-global-header-display":"","ast-banner-title-visibility":"","ast-main-header-display":"","ast-hfb-above-header-display":"","ast-hfb-below-header-display":"","ast-hfb-mobile-header-display":"","site-post-title":"","ast-breadcrumbs-content":"","ast-featured-img":"","footer-sml-layout":"","theme-transparent-header-meta":"","adv-header-id-meta":"","stick-header-meta":"","header-above-stick-meta":"","header-main-stick-meta":"","header-below-stick-meta":"","astra-migrate-meta-layouts":"default","ast-page-background-enabled":"default","ast-page-background-meta":{"desktop":{"background-color":"var(--ast-global-color-5)","background-image":"","background-repeat":"repeat","background-position":"center center","background-size":"auto","background-attachment":"scroll","background-type":"","background-media":"","overlay-type":"","overlay-color":"","overlay-opacity":"","overlay-gradient":""},"tablet":{"background-color":"","background-image":"","background-repeat":"repeat","background-position":"center center","background-size":"auto","background-attachment":"scroll","background-type":"","background-media":"","overlay-type":"","overlay-color":"","overlay-opacity":"","overlay-gradient":""},"mobile":{"background-color":"","background-image":"","background-repeat":"repeat","background-position":"center center","background-size":"auto","background-attachment":"scroll","background-type":"","background-media":"","overlay-type":"","overlay-color":"","overlay-opacity":"","overlay-gradient":""}},"ast-content-background-meta":{"desktop":{"background-color":"var(--ast-global-color-4)","background-image":"","background-repeat":"repeat","background-position":"center center","background-size":"auto","background-attachment":"scroll","background-type":"","background-media":"","overlay-type":"","overlay-color":"","overlay-opacity":"","overlay-gradient":""},"tablet":{"background-color":"var(--ast-global-color-4)","background-image":"","background-repeat":"repeat","background-position":"center center","background-size":"auto","background-attachment":"scroll","background-type":"","background-media":"","overlay-type":"","overlay-color":"","overlay-opacity":"","overlay-gradient":""},"mobile":{"background-color":"var(--ast-global-color-4)","background-image":"","background-repeat":"repeat","background-position":"center center","background-size":"auto","background-attachment":"scroll","background-type":"","background-media":"","overlay-type":"","overlay-color":"","overlay-opacity":"","overlay-gradient":""}},"_kadence_starter_templates_imported_post":false,"footnotes":""},"class_list":["post-26","page","type-page","status-publish","hentry"],"_links":{"self":[{"href":"https:\/\/rybari.miletin.cz\/index.php?rest_route=\/wp\/v2\/pages\/26","targetHints":{"allow":["GET"]}}],"collection":[{"href":"https:\/\/rybari.miletin.cz\/index.php?rest_route=\/wp\/v2\/pages"}],"about":[{"href":"https:\/\/rybari.miletin.cz\/index.php?rest_route=\/wp\/v2\/types\/page"}],"author":[{"embeddable":true,"href":"https:\/\/rybari.miletin.cz\/index.php?rest_route=\/wp\/v2\/users\/2"}],"replies":[{"embeddable":true,"href":"https:\/\/rybari.miletin.cz\/index.php?rest_route=%2Fwp%2Fv2%2Fcomments&post=26"}],"version-history":[{"count":2,"href":"https:\/\/rybari.miletin.cz\/index.php?rest_route=\/wp\/v2\/pages\/26\/revisions"}],"predecessor-version":[{"id":75,"href":"https:\/\/rybari.miletin.cz\/index.php?rest_route=\/wp\/v2\/pages\/26\/revisions\/75"}],"wp:attachment":[{"href":"https:\/\/rybari.miletin.cz\/index.php?rest_route=%2Fwp%2Fv2%2Fmedia&parent=26"}],"curies":[{"name":"wp","href":"https:\/\/api.w.org\/{rel}","templated":true}]}}