{"id":55,"date":"2025-02-16T20:13:18","date_gmt":"2025-02-16T19:13:18","guid":{"rendered":"https:\/\/rybari.miletin.cz.zon.hostujeme.cz\/?page_id=55"},"modified":"2026-04-25T21:39:55","modified_gmt":"2026-04-25T19:39:55","slug":"rybarske-zavody","status":"publish","type":"page","link":"https:\/\/rybari.miletin.cz\/?page_id=55","title":{"rendered":"Ryb\u00e1\u0159sk\u00e9 z\u00e1vody"},"content":{"rendered":"\n<p class=\"has-ast-global-color-6-color has-text-color has-link-color has-large-font-size wp-elements-4cad7668b1ea2f588270acc75957e1fa\">V\u00fdsledky z\u00e1vody na Jord\u00e1nku 25.4.2026<\/p>\n\n\n\n<figure class=\"wp-block-table\"><table class=\"has-fixed-layout\"><tbody><tr><td><\/td><td>jm\u00e9no<\/td><td>bydli\u0161t\u011b<\/td><td>&nbsp; &nbsp; &nbsp; &nbsp; &nbsp; &nbsp; &nbsp;cm<\/td><\/tr><tr><td><\/td><td><\/td><td><\/td><td><\/td><\/tr><tr><td>1.<\/td><td>P\u011bt\u00edk Marek<\/td><td>Pardubice<\/td><td>722<\/td><\/tr><tr><td>2.<\/td><td>Bonaventura Luk\u00e1\u0161<\/td><td>Dv\u016fr Kr\u00e1lov\u00e9 nad Labem<\/td><td>315<\/td><\/tr><tr><td>3.<\/td><td>Fran\u011bk Robert<\/td><td>Trutnov<\/td><td>286<\/td><\/tr><tr><td>4.<\/td><td>Petru\u017e\u00e1lek Ji\u0159\u00ed<\/td><td>Ploti\u0161t\u011b nad Labem<\/td><td>283<\/td><\/tr><tr><td>5.<\/td><td>Dost\u00e1lek Adolf<\/td><td>Hostinn\u00e9<\/td><td>245<\/td><\/tr><tr><td>6.<\/td><td>V\u00e1vra Otakar<\/td><td>Nemo\u0161ice<\/td><td>214<\/td><\/tr><tr><td>7.<\/td><td>\u0160imek Pavel<\/td><td>Nov\u00e1 Paka<\/td><td>159<\/td><\/tr><tr><td>8.<\/td><td>D\u011b\u010dek Filip<\/td><td>M\u011bstec Kr\u00e1lov\u00e9<\/td><td>157<\/td><\/tr><tr><td>9.<\/td><td>L\u00e1nsk\u00fd Jaroslav<\/td><td>Cerekvice nad Byst\u0159ic\u00ed<\/td><td>115<\/td><\/tr><tr><td>10.<\/td><td>Kvapil Petr<\/td><td>Valdice<\/td><td>105<\/td><\/tr><tr><td>11.<\/td><td>Jaro\u0161 Zden\u011bk<\/td><td>Hostinn\u00e9<\/td><td>79<\/td><\/tr><tr><td>12.<\/td><td>\u0158\u00edzek Luk\u00e1\u0161<\/td><td>Dv\u016fr Kr\u00e1lov\u00e9 nad Labem<\/td><td>64<\/td><\/tr><tr><td>13.<\/td><td>D\u011b\u010dek Milan<\/td><td>Slove\u010d<\/td><td>58<\/td><\/tr><tr><td>14.<\/td><td>Volanec&nbsp;Jan<\/td><td>Praha<\/td><td>56<\/td><\/tr><tr><td>15.<\/td><td>Hlavat\u00fd Tom\u00e1\u0161<\/td><td>Zalo\u0148ov<\/td><td>53<\/td><\/tr><tr><td>15.<\/td><td>\u0160otola Jan<\/td><td>\u010cerven\u00e1 T\u0159eme\u0161n\u00e1<\/td><td>53<\/td><\/tr><tr><td>17.<\/td><td>Leplt Marek<\/td><td>Milet\u00edn<\/td><td>50<\/td><\/tr><tr><td>18.<\/td><td>\u0158\u00edzek Ivo<\/td><td>Dv\u016fr Kr\u00e1lov\u00e9 nad Labem<\/td><td>48<\/td><\/tr><tr><td>19.<\/td><td>D\u011b\u010dek Anton\u00edn<\/td><td>M\u011bstec Kr\u00e1lov\u00e9<\/td><td>44<\/td><\/tr><tr><td>20.<\/td><td>Richtermoc Filip<\/td><td>Ho\u0159ice<\/td><td>27<\/td><\/tr><tr><td>21.<\/td><td>Va\u0161ata Maty\u00e1\u0161<\/td><td>Dv\u016fr Kr\u00e1lov\u00e9 nad Labem<\/td><td>0<\/td><\/tr><tr><td>21.<\/td><td>Va\u0161ata Daniel<\/td><td>Dv\u016fr Kr\u00e1lov\u00e9 nad Labem<\/td><td>0<\/td><\/tr><tr><td>21.<\/td><td>Chmel\u00edk&nbsp; Jan<\/td><td>B\u00edl\u00e9 Poli\u010dany<\/td><td>0<\/td><\/tr><tr><td>21.<\/td><td>\u0160p\u00edna Ji\u0159\u00ed<\/td><td>Valdice<\/td><td>0<\/td><\/tr><tr><td>21.<\/td><td>T\u0159e\u0161\u0148\u00e1k Michal<\/td><td>Ho\u0159ice v Podkrkono\u0161\u00ed<\/td><td>0<\/td><\/tr><tr><td>21.<\/td><td>Jaro\u0161 Marek<\/td><td>Hostinn\u00e9<\/td><td>0<\/td><\/tr><tr><td>21.<\/td><td>P\u0159ibyl David<\/td><td>Vl\u010dice<\/td><td>0<\/td><\/tr><tr><td>21.<\/td><td>Reif Milan<\/td><td>Hostinn\u00e9<\/td><td>0<\/td><\/tr><tr><td>21.<\/td><td>Vit\u00edk Jakub<\/td><td>Kac\u00e1kova Lhota<\/td><td>0<\/td><\/tr><tr><td>21.<\/td><td>Hlav\u00e1\u010dek Dan<\/td><td>Milet\u00edn<\/td><td>0<\/td><\/tr><tr><td>21.<\/td><td>Babka Pavel<\/td><td>Boh\u00e1\u0148ka- Sk\u00e1la<\/td><td>0<\/td><\/tr><tr><td>21.<\/td><td>Ondr\u00e1\u010dek Jan<\/td><td>Ho\u0159ice<\/td><td>0<\/td><\/tr><tr><td>21.<\/td><td>Krn\u00e1\u010d Martin<\/td><td>Ho\u0159ice<\/td><td>0<\/td><\/tr><tr><td>21.<\/td><td>Erben Zden\u011bk<\/td><td>\u00dapice<\/td><td>0<\/td><\/tr><tr><td>21.<\/td><td>Nov\u00e1kov\u00e1 Eva<\/td><td>Police nad Metuj\u00ed<\/td><td>0<\/td><\/tr><tr><td>21.<\/td><td>Nov\u00e1k Vratislav<\/td><td>Police nad Metuj\u00ed<\/td><td>0<\/td><\/tr><tr><td>21.<\/td><td>H\u00e1tle Ji\u0159\u00ed<\/td><td>V\u0159esn\u00edk<\/td><td>0<\/td><\/tr><tr><td>21.<\/td><td>Va\u0161ata Jakub<\/td><td>Dv\u016fr Kr\u00e1lov\u00e9 nad Labem<\/td><td>0<\/td><\/tr><tr><td>21.<\/td><td>Nosek Daniel<\/td><td>Milet\u00edn<\/td><td>0<\/td><\/tr><tr><td><\/td><td><\/td><td><\/td><td><\/td><\/tr><\/tbody><\/table><\/figure>\n\n\n\n<p class=\"has-large-font-size\"><strong><em>Ryb\u00e1\u0159sk\u00e9 z\u00e1vody na Jord\u00e1nku se konaj\u00ed 25.4.2026<\/em><\/strong><\/p>\n\n\n\n<p class=\"has-text-align-center has-luminous-vivid-amber-background-color has-background has-x-large-font-size\" style=\"border-width:9px\">v r\u00e1mci oslav 90 let ryb\u00e1\u0159\u016f v Milet\u00edn\u011b<\/p>\n\n\n\n<blockquote class=\"wp-block-quote is-style-plain is-layout-flow wp-block-quote-is-layout-flow\">\n<p><\/p>\n<\/blockquote>\n\n\n\n<figure class=\"wp-block-gallery has-nested-images columns-default is-cropped wp-block-gallery-1 is-layout-flex wp-block-gallery-is-layout-flex\">\n<figure class=\"wp-block-image size-large\"><img fetchpriority=\"high\" decoding=\"async\" width=\"724\" height=\"1024\" data-id=\"1713\" src=\"https:\/\/rybari.miletin.cz\/wp-content\/uploads\/2026\/01\/navrh-Plakat-zavody-Jordanek-2026-724x1024.jpg\" alt=\"\" class=\"wp-image-1713\" srcset=\"https:\/\/rybari.miletin.cz\/wp-content\/uploads\/2026\/01\/navrh-Plakat-zavody-Jordanek-2026-724x1024.jpg 724w, https:\/\/rybari.miletin.cz\/wp-content\/uploads\/2026\/01\/navrh-Plakat-zavody-Jordanek-2026-212x300.jpg 212w, https:\/\/rybari.miletin.cz\/wp-content\/uploads\/2026\/01\/navrh-Plakat-zavody-Jordanek-2026-768x1086.jpg 768w, https:\/\/rybari.miletin.cz\/wp-content\/uploads\/2026\/01\/navrh-Plakat-zavody-Jordanek-2026-1086x1536.jpg 1086w, https:\/\/rybari.miletin.cz\/wp-content\/uploads\/2026\/01\/navrh-Plakat-zavody-Jordanek-2026-1448x2048.jpg 1448w, https:\/\/rybari.miletin.cz\/wp-content\/uploads\/2026\/01\/navrh-Plakat-zavody-Jordanek-2026.jpg 1587w\" sizes=\"(max-width: 724px) 100vw, 724px\" \/><\/figure>\n<\/figure>\n\n\n\n<blockquote class=\"wp-block-quote is-layout-flow wp-block-quote-is-layout-flow\">\n<p>Tradi\u010dn\u00ed ryb\u00e1\u0159sk\u00e9 z\u00e1vody se konaj\u00ed dne&nbsp;<strong>25.dubna 2026<\/strong>&nbsp;od 7.00 hodin<\/p>\n\n\n\n<p><strong>Startovn\u00e9: 300 K\u010d (platba pouze na m\u00edst\u011b)<\/strong><\/p>\n\n\n\n<p>po\u010det startovn\u00edch l\u00edstk\u016f omezen 60 ti lov\u00edc\u00edmi m\u00edsty!<\/p>\n\n\n\n<p>Lovn\u00e1 m\u00edsta se losuj\u00ed<\/p>\n\n\n\n<ul class=\"wp-block-list\">\n<li>Z\u00e1vod je po\u0159\u00e1d\u00e1n jako jednodenn\u00ed na dva polo\u010dasy (jedno st\u011bhov\u00e1n\u00ed)<\/li>\n<\/ul>\n\n\n\n<ul class=\"wp-block-list\">\n<li>Hodnocen\u00ed \u00falovk\u016f:&nbsp;<strong>1cm = 1bod u&nbsp; kapra, amura a l\u00edna!<\/strong><\/li>\n\n\n\n<li>Ostatn\u00ed ryby se nehodnot\u00ed!!!<\/li>\n\n\n\n<li><strong>Ryby se m\u011b\u0159\u00ed a zapisuj\u00ed pod dohledem rozhod\u010d\u00edch !!!<\/strong>\n<ul class=\"wp-block-list\">\n<li>z\u00e1vodn\u00edk m\u016f\u017ee obsluhovat pouze sv\u016fj prut, po vz\u00e1jemn\u00e9 dohod\u011b si mohou z\u00e1vodn\u00edci pomoci s podebr\u00e1n\u00edm ryby,<\/li>\n\n\n\n<li>z\u00e1vodn\u00edk mus\u00ed lovit pouze na sv\u00e9m vylosovan\u00e9m \u00faseku<\/li>\n\n\n\n<li>Hodnot\u00ed se rovn\u011b\u017e \u00falovek nejv\u011bt\u0161\u00ed ryby.<\/li>\n\n\n\n<li>Na\u0161e z\u00e1vody jsou p\u0159edev\u0161\u00edm z\u00e1bava. P\u0159\u00edpadn\u00e9 spory pros\u00edm \u0159e\u0161te s \u00fasm\u011bvem.<\/li>\n\n\n\n<li>Z\u00e1vodn\u00edk m\u016f\u017ee k lovu pou\u017e\u00edt jeden prut se dv\u011bma n\u00e1vazci s jednoduch\u00fdmi h\u00e1\u010dky.<\/li>\n\n\n\n<li>N\u00e1strahy dle ryb\u00e1\u0159sk\u00e9ho \u0159\u00e1du.<\/li>\n\n\n\n<li>Vyhr\u00e1v\u00e1 z\u00e1vodn\u00edk, kter\u00fd dos\u00e1hne nejv\u011bt\u0161\u00edho po\u010dtu bod\u016f. V p\u0159\u00edpad\u011b rovnosti bod\u016f rozhoduje v\u011bt\u0161\u00ed chycen\u00e1 ryba<\/li>\n\n\n\n<li>Ka\u017ed\u00fd z\u00e1vodn\u00edk sout\u011b\u017e\u00ed na vlastn\u00ed nebezpe\u010d\u00ed.<\/li>\n\n\n\n<li>Z\u00e1vody se konaj\u00ed za ka\u017ed\u00e9ho po\u010das\u00ed.<\/li>\n\n\n\n<li>Organiz\u00e1to\u0159i z\u00e1vodu si vyhrazuj\u00ed pr\u00e1vo prov\u00e9st za mimo\u0159\u00e1dn\u00fdch okolnost\u00ed \u00fapravy v propozic\u00edch, p\u0159\u00edpadn\u011b v organizaci z\u00e1vod\u016f.<\/li>\n\n\n\n<li>Chov\u00e1n\u00ed a vybaven\u00ed dle platn\u00e9ho ryb\u00e1\u0159sk\u00e9ho \u0159\u00e1du.<\/li>\n<\/ul>\n<\/li>\n<\/ul>\n\n\n\n<p>Srde\u010dn\u011b zveme v\u0161echny ryb\u00e1\u0159e i div\u00e1ky.<\/p>\n\n\n\n<p><strong>Program z\u00e1vod\u016f:<\/strong><\/p>\n\n\n\n<ul class=\"wp-block-list\">\n<li>prezentace 6,00-7,00hod<\/li>\n\n\n\n<li>start 7,00hod<\/li>\n\n\n\n<li>prvn\u00ed polo\u010das 7,00-10,30hod<\/li>\n\n\n\n<li>p\u0159est\u00e1vka 10,30-11,30hod<\/li>\n\n\n\n<li>druh\u00fd polo\u010das 11,30-15,00hod<\/li>\n\n\n\n<li>vyhodnocen\u00ed 15,00-15,30hod<\/li>\n<\/ul>\n\n\n\n<p><strong>Po dobu z\u00e1vod\u016f bude zaji\u0161t\u011bno ob\u010derstven\u00ed v m\u00edst\u011b kon\u00e1n\u00ed z\u00e1vod\u016f.<\/strong><\/p>\n\n\n\n<p><strong>na akci se budou po\u0159izovat fotografie a m\u016f\u017ee doj\u00edt k&nbsp;jejich zve\u0159ejn\u011bn\u00ed<\/strong><\/p>\n<\/blockquote>\n","protected":false},"excerpt":{"rendered":"<p>V\u00fdsledky z\u00e1vody na Jord\u00e1nku 25.4.2026 jm\u00e9no bydli\u0161t\u011b &nbsp; &nbsp; &nbsp; &nbsp; &nbsp; &nbsp; &nbsp;cm 1. P\u011bt\u00edk Marek Pardubice 722 2. [&hellip;]<\/p>\n","protected":false},"author":2,"featured_media":0,"parent":0,"menu_order":4,"comment_status":"closed","ping_status":"closed","template":"","meta":{"site-sidebar-layout":"default","site-content-layout":"","ast-site-content-layout":"default","site-content-style":"default","site-sidebar-style":"default","ast-global-header-display":"","ast-banner-title-visibility":"","ast-main-header-display":"","ast-hfb-above-header-display":"","ast-hfb-below-header-display":"","ast-hfb-mobile-header-display":"","site-post-title":"","ast-breadcrumbs-content":"","ast-featured-img":"","footer-sml-layout":"","theme-transparent-header-meta":"","adv-header-id-meta":"","stick-header-meta":"","header-above-stick-meta":"","header-main-stick-meta":"","header-below-stick-meta":"","astra-migrate-meta-layouts":"default","ast-page-background-enabled":"default","ast-page-background-meta":{"desktop":{"background-color":"var(--ast-global-color-5)","background-image":"","background-repeat":"repeat","background-position":"center center","background-size":"auto","background-attachment":"scroll","background-type":"","background-media":"","overlay-type":"","overlay-color":"","overlay-opacity":"","overlay-gradient":""},"tablet":{"background-color":"","background-image":"","background-repeat":"repeat","background-position":"center center","background-size":"auto","background-attachment":"scroll","background-type":"","background-media":"","overlay-type":"","overlay-color":"","overlay-opacity":"","overlay-gradient":""},"mobile":{"background-color":"","background-image":"","background-repeat":"repeat","background-position":"center center","background-size":"auto","background-attachment":"scroll","background-type":"","background-media":"","overlay-type":"","overlay-color":"","overlay-opacity":"","overlay-gradient":""}},"ast-content-background-meta":{"desktop":{"background-color":"var(--ast-global-color-4)","background-image":"","background-repeat":"repeat","background-position":"center center","background-size":"auto","background-attachment":"scroll","background-type":"","background-media":"","overlay-type":"","overlay-color":"","overlay-opacity":"","overlay-gradient":""},"tablet":{"background-color":"var(--ast-global-color-4)","background-image":"","background-repeat":"repeat","background-position":"center center","background-size":"auto","background-attachment":"scroll","background-type":"","background-media":"","overlay-type":"","overlay-color":"","overlay-opacity":"","overlay-gradient":""},"mobile":{"background-color":"var(--ast-global-color-4)","background-image":"","background-repeat":"repeat","background-position":"center center","background-size":"auto","background-attachment":"scroll","background-type":"","background-media":"","overlay-type":"","overlay-color":"","overlay-opacity":"","overlay-gradient":""}},"_kadence_starter_templates_imported_post":false,"footnotes":""},"class_list":["post-55","page","type-page","status-publish","hentry"],"_links":{"self":[{"href":"https:\/\/rybari.miletin.cz\/index.php?rest_route=\/wp\/v2\/pages\/55","targetHints":{"allow":["GET"]}}],"collection":[{"href":"https:\/\/rybari.miletin.cz\/index.php?rest_route=\/wp\/v2\/pages"}],"about":[{"href":"https:\/\/rybari.miletin.cz\/index.php?rest_route=\/wp\/v2\/types\/page"}],"author":[{"embeddable":true,"href":"https:\/\/rybari.miletin.cz\/index.php?rest_route=\/wp\/v2\/users\/2"}],"replies":[{"embeddable":true,"href":"https:\/\/rybari.miletin.cz\/index.php?rest_route=%2Fwp%2Fv2%2Fcomments&post=55"}],"version-history":[{"count":17,"href":"https:\/\/rybari.miletin.cz\/index.php?rest_route=\/wp\/v2\/pages\/55\/revisions"}],"predecessor-version":[{"id":1757,"href":"https:\/\/rybari.miletin.cz\/index.php?rest_route=\/wp\/v2\/pages\/55\/revisions\/1757"}],"wp:attachment":[{"href":"https:\/\/rybari.miletin.cz\/index.php?rest_route=%2Fwp%2Fv2%2Fmedia&parent=55"}],"curies":[{"name":"wp","href":"https:\/\/api.w.org\/{rel}","templated":true}]}}